{"id":4481,"date":"2025-02-10T10:45:13","date_gmt":"2025-02-10T10:45:13","guid":{"rendered":"https:\/\/www.zengaffinenag.ch\/impressum\/"},"modified":"2025-07-02T08:10:32","modified_gmt":"2025-07-02T08:10:32","slug":"mentions-legales","status":"publish","type":"page","link":"https:\/\/www.zengaffinenag.ch\/fr\/mentions-legales\/","title":{"rendered":"Mentions l\u00e9gales"},"content":{"rendered":"\t\t<div data-elementor-type=\"wp-page\" data-elementor-id=\"4481\" class=\"elementor elementor-4481 elementor-171\" data-elementor-post-type=\"page\">\n\t\t\t\t<div class=\"elementor-element elementor-element-f2ef496 section-breadcrumb e-con-full e-flex e-con e-parent\" data-id=\"f2ef496\" data-element_type=\"container\" data-e-type=\"container\" data-settings=\"{&quot;background_background&quot;:&quot;classic&quot;}\">\n\t\t<div class=\"elementor-element elementor-element-136706b e-con-full e-flex e-con e-child\" data-id=\"136706b\" data-element_type=\"container\" data-e-type=\"container\">\n\t\t\t\t<div class=\"elementor-element elementor-element-33d319a elementor-widget elementor-widget-shortcode\" data-id=\"33d319a\" data-element_type=\"widget\" data-e-type=\"widget\" data-widget_type=\"shortcode.default\">\n\t\t\t\t<div class=\"elementor-widget-container\">\n\t\t\t\t\t\t\t<div class=\"elementor-shortcode\"><span><span><a href=\"https:\/\/www.zengaffinenag.ch\/fr\/\">Home<\/a><\/span><\/span><\/div>\n\t\t\t\t\t\t<\/div>\n\t\t\t\t<\/div>\n\t\t\t\t<\/div>\n\t\t<div class=\"elementor-element elementor-element-436956c e-con-full hero-slogan e-flex e-con e-child\" data-id=\"436956c\" data-element_type=\"container\" data-e-type=\"container\">\n\t\t\t\t<div class=\"elementor-element elementor-element-ce9fe97 elementor-widget elementor-widget-text-editor\" data-id=\"ce9fe97\" data-element_type=\"widget\" data-e-type=\"widget\" data-widget_type=\"text-editor.default\">\n\t\t\t\t<div class=\"elementor-widget-container\">\n\t\t\t\t\t\t\t\t\t<p>\u00c9tablis depuis 1946<\/p>\t\t\t\t\t\t\t\t<\/div>\n\t\t\t\t<\/div>\n\t\t\t\t<\/div>\n\t\t\t\t<\/div>\n\t\t<section class=\"elementor-element elementor-element-15c9985 space-bottom e-flex e-con-boxed e-con e-parent\" data-id=\"15c9985\" data-element_type=\"container\" data-e-type=\"container\">\n\t\t\t\t\t<div class=\"e-con-inner\">\n\t\t<div class=\"elementor-element elementor-element-44009fc e-con-full e-flex e-con e-child\" data-id=\"44009fc\" data-element_type=\"container\" data-e-type=\"container\">\n\t\t\t\t<div class=\"elementor-element elementor-element-65df052 elementor-widget elementor-widget-text-editor\" data-id=\"65df052\" data-element_type=\"widget\" data-e-type=\"widget\" data-widget_type=\"text-editor.default\">\n\t\t\t\t<div class=\"elementor-widget-container\">\n\t\t\t\t\t\t\t\t\t<h1>Impressum<\/h1><h4>Verantwortlich f\u00fcr den Inhalt<\/h4><p>Gebr. Zengaffinen AG<br \/>Alustrasse 2<br \/>CH-3940 Steg<\/p><p>E-Mail-Adresse:\u00a0<a href=\"mailto:info@zengaffinenag.ch\">info@zengaffinenag.ch<\/a><br \/>Telefonnummer: +41 27 933 61 00<\/p><h3>Design, Programmierung und Hosting<\/h3><p>Supersaxo Media AG<br \/>Kantonsstrasse 73a<br \/>3930 Visp<\/p><p>Telefon: 027 924 60 82<br \/>E-Mail:\u00a0<a href=\"mailto:media@supersaxo.swiss\">media@supersaxo.swiss<\/a><br \/>Website:\u00a0<a href=\"https:\/\/supersaxo.media\/\" target=\"_blank\" rel=\"noopener\">supersaxo.media<\/a><\/p><p><a href=\"https:\/\/supersaxo.media\" target=\"_blank\" rel=\"noopener\">Die Oberwalliser Agentur f\u00fcr professionelle Webseiten mit WordPress<\/a><\/p><h3>Haftungshinweis<\/h3><p>Inhalt und Gestaltung unserer Internetseiten sind urheberrechtlich gesch\u00fctzt. Vervielf\u00e4ltigung bzw. Speicherung nur mit schriftlicher Genehmigung. Dies gilt auch f\u00fcr die Aufnahme in elektronische Datenbanken und f\u00fcr die Vervielf\u00e4ltigung auf elektronischen Datentr\u00e4gern. Wir machen Sie darauf aufmerksam, dass auf den von uns angebotenen Internetseiten Worte oder Zeichen marken-, patent- oder warenzeichenrechtlichem Schutz unterliegen k\u00f6nnen. Soweit diese den Rechten anderer unterliegen, verwenden wir sie ausschliesslich zur Information und keinesfalls zur Herbeif\u00fchrung eines Vorteils. Trotz sorgf\u00e4ltiger inhaltlicher Kontrolle \u00fcbernehmen wir keine Verantwortung f\u00fcr externe Informationen oder Links zu Internetseiten Dritter. F\u00fcr den Inhalt verlinkter Seiten sind ausschliesslich deren Betreiber verantwortlich. Wir haben bei der Erstellung unserer Internetseiten gr\u00f6sstm\u00f6gliche Sorgfalt walten lassen. Dennoch kann f\u00fcr die Fehlerfreiheit und Richtigkeit der Informationen nicht garantiert werden. Haftungsanspr\u00fcche schliessen wir demzufolge vollst\u00e4ndig aus.<\/p><h3><strong>Salvatorische Klausel<\/strong><\/h3><p>Sollten einzelne Bestimmungen dieser Nutzungsbedingungen von einem zust\u00e4ndigen Gericht oder einer zust\u00e4ndigen Beh\u00f6rde nach jeweiligem Recht als ung\u00fcltig, rechtswidrig oder nicht vollstreckbar erachtet werden, so soll die jeweilige Bestimmung als nicht zu dieser Haftungsausschlusserkl\u00e4rung geh\u00f6rig angesehen werden. Die G\u00fcltigkeit, Rechtm\u00e4ssigkeit und Vollsteckbarkeit der \u00fcbrigen Bestimmungen dieser Nutzungsbedingungen nach dem Recht des entsprechenden Landes oder irgendeines anderen Landes wird dadurch jedoch nicht eingeschr\u00e4nkt.<\/p><h3><strong>Besonderes<\/strong><\/h3><p>Anregungen, Fragen oder Hinweise auf technische Probleme, die unsere Website betreffen, teilen Sie uns bitte per E-Mail mit: it@zengaffinenag.ch.<\/p><p>Steg, im Februar 2025<\/p>\t\t\t\t\t\t\t\t<\/div>\n\t\t\t\t<\/div>\n\t\t\t\t<\/div>\n\t\t\t\t\t<\/div>\n\t\t\t\t<\/section>\n\t\t\t\t<\/div>\n\t\t","protected":false},"excerpt":{"rendered":"<p>\u00c9tablis depuis 1946 Impressum Verantwortlich f\u00fcr den Inhalt Gebr. Zengaffinen AGAlustrasse 2CH-3940 Steg E-Mail-Adresse:\u00a0info@zengaffinenag.chTelefonnummer: +41 27 933 61 00 Design, Programmierung und Hosting Supersaxo Media AGKantonsstrasse 73a3930 Visp Telefon: 027 924 60 82E-Mail:\u00a0media@supersaxo.swissWebsite:\u00a0supersaxo.media Die Oberwalliser Agentur f\u00fcr professionelle Webseiten mit WordPress Haftungshinweis Inhalt und Gestaltung unserer Internetseiten sind urheberrechtlich gesch\u00fctzt. Vervielf\u00e4ltigung bzw. Speicherung nur mit [&hellip;]<\/p>\n","protected":false},"author":1,"featured_media":406,"parent":0,"menu_order":0,"comment_status":"closed","ping_status":"closed","template":"","meta":{"_acf_changed":false,"footnotes":""},"class_list":["post-4481","page","type-page","status-publish","has-post-thumbnail","hentry"],"acf":[],"yoast_head":"<!-- This site is optimized with the Yoast SEO plugin v27.3 - https:\/\/yoast.com\/product\/yoast-seo-wordpress\/ -->\n<title>Mentions l\u00e9gales - Zengaffinen Unternehmungen |\u00a0Bauunternehmung Wallis<\/title>\n<meta name=\"robots\" content=\"index, follow, max-snippet:-1, max-image-preview:large, max-video-preview:-1\" \/>\n<link rel=\"canonical\" href=\"https:\/\/www.zengaffinenag.ch\/fr\/mentions-legales\/\" \/>\n<meta property=\"og:locale\" content=\"fr_FR\" \/>\n<meta property=\"og:type\" content=\"article\" \/>\n<meta property=\"og:title\" content=\"Mentions l\u00e9gales - Zengaffinen Unternehmungen |\u00a0Bauunternehmung Wallis\" \/>\n<meta property=\"og:description\" content=\"\u00c9tablis depuis 1946 Impressum Verantwortlich f\u00fcr den Inhalt Gebr. Zengaffinen AGAlustrasse 2CH-3940 Steg E-Mail-Adresse:\u00a0info@zengaffinenag.chTelefonnummer: +41 27 933 61 00 Design, Programmierung und Hosting Supersaxo Media AGKantonsstrasse 73a3930 Visp Telefon: 027 924 60 82E-Mail:\u00a0media@supersaxo.swissWebsite:\u00a0supersaxo.media Die Oberwalliser Agentur f\u00fcr professionelle Webseiten mit WordPress Haftungshinweis Inhalt und Gestaltung unserer Internetseiten sind urheberrechtlich gesch\u00fctzt. Vervielf\u00e4ltigung bzw. Speicherung nur mit [&hellip;]\" \/>\n<meta property=\"og:url\" content=\"https:\/\/www.zengaffinenag.ch\/fr\/mentions-legales\/\" \/>\n<meta property=\"og:site_name\" content=\"Zengaffinen Unternehmungen |\u00a0Bauunternehmung Wallis\" \/>\n<meta property=\"article:modified_time\" content=\"2025-07-02T08:10:32+00:00\" \/>\n<meta property=\"og:image\" content=\"https:\/\/www.zengaffinenag.ch\/wp-content\/uploads\/2025\/02\/5DIV6361_WEB.jpg\" \/>\n\t<meta property=\"og:image:width\" content=\"2048\" \/>\n\t<meta property=\"og:image:height\" content=\"1238\" \/>\n\t<meta property=\"og:image:type\" content=\"image\/jpeg\" \/>\n<meta name=\"twitter:card\" content=\"summary_large_image\" \/>\n<meta name=\"twitter:label1\" content=\"Dur\u00e9e de lecture estim\u00e9e\" \/>\n\t<meta name=\"twitter:data1\" content=\"2 minutes\" \/>\n<script type=\"application\/ld+json\" class=\"yoast-schema-graph\">{\"@context\":\"https:\\\/\\\/schema.org\",\"@graph\":[{\"@type\":\"WebPage\",\"@id\":\"https:\\\/\\\/www.zengaffinenag.ch\\\/fr\\\/mentions-legales\\\/\",\"url\":\"https:\\\/\\\/www.zengaffinenag.ch\\\/fr\\\/mentions-legales\\\/\",\"name\":\"Mentions l\u00e9gales - Zengaffinen Unternehmungen |\u00a0Bauunternehmung Wallis\",\"isPartOf\":{\"@id\":\"https:\\\/\\\/www.zengaffinenag.ch\\\/#website\"},\"primaryImageOfPage\":{\"@id\":\"https:\\\/\\\/www.zengaffinenag.ch\\\/fr\\\/mentions-legales\\\/#primaryimage\"},\"image\":{\"@id\":\"https:\\\/\\\/www.zengaffinenag.ch\\\/fr\\\/mentions-legales\\\/#primaryimage\"},\"thumbnailUrl\":\"https:\\\/\\\/www.zengaffinenag.ch\\\/wp-content\\\/uploads\\\/2025\\\/02\\\/5DIV6361_WEB.jpg\",\"datePublished\":\"2025-02-10T10:45:13+00:00\",\"dateModified\":\"2025-07-02T08:10:32+00:00\",\"breadcrumb\":{\"@id\":\"https:\\\/\\\/www.zengaffinenag.ch\\\/fr\\\/mentions-legales\\\/#breadcrumb\"},\"inLanguage\":\"fr-FR\",\"potentialAction\":[{\"@type\":\"ReadAction\",\"target\":[\"https:\\\/\\\/www.zengaffinenag.ch\\\/fr\\\/mentions-legales\\\/\"]}]},{\"@type\":\"ImageObject\",\"inLanguage\":\"fr-FR\",\"@id\":\"https:\\\/\\\/www.zengaffinenag.ch\\\/fr\\\/mentions-legales\\\/#primaryimage\",\"url\":\"https:\\\/\\\/www.zengaffinenag.ch\\\/wp-content\\\/uploads\\\/2025\\\/02\\\/5DIV6361_WEB.jpg\",\"contentUrl\":\"https:\\\/\\\/www.zengaffinenag.ch\\\/wp-content\\\/uploads\\\/2025\\\/02\\\/5DIV6361_WEB.jpg\",\"width\":2048,\"height\":1238},{\"@type\":\"BreadcrumbList\",\"@id\":\"https:\\\/\\\/www.zengaffinenag.ch\\\/fr\\\/mentions-legales\\\/#breadcrumb\",\"itemListElement\":[{\"@type\":\"ListItem\",\"position\":1,\"name\":\"Home\",\"item\":\"https:\\\/\\\/www.zengaffinenag.ch\\\/fr\\\/\"},{\"@type\":\"ListItem\",\"position\":2,\"name\":\"Mentions l\u00e9gales\"}]},{\"@type\":\"WebSite\",\"@id\":\"https:\\\/\\\/www.zengaffinenag.ch\\\/#website\",\"url\":\"https:\\\/\\\/www.zengaffinenag.ch\\\/\",\"name\":\"Zengaffinen Unternehmungen |\u00a0Bauunternehmung Wallis\",\"description\":\"\",\"potentialAction\":[{\"@type\":\"SearchAction\",\"target\":{\"@type\":\"EntryPoint\",\"urlTemplate\":\"https:\\\/\\\/www.zengaffinenag.ch\\\/?s={search_term_string}\"},\"query-input\":{\"@type\":\"PropertyValueSpecification\",\"valueRequired\":true,\"valueName\":\"search_term_string\"}}],\"inLanguage\":\"fr-FR\"}]}<\/script>\n<!-- \/ Yoast SEO plugin. -->","yoast_head_json":{"title":"Mentions l\u00e9gales - Zengaffinen Unternehmungen |\u00a0Bauunternehmung Wallis","robots":{"index":"index","follow":"follow","max-snippet":"max-snippet:-1","max-image-preview":"max-image-preview:large","max-video-preview":"max-video-preview:-1"},"canonical":"https:\/\/www.zengaffinenag.ch\/fr\/mentions-legales\/","og_locale":"fr_FR","og_type":"article","og_title":"Mentions l\u00e9gales - Zengaffinen Unternehmungen |\u00a0Bauunternehmung Wallis","og_description":"\u00c9tablis depuis 1946 Impressum Verantwortlich f\u00fcr den Inhalt Gebr. Zengaffinen AGAlustrasse 2CH-3940 Steg E-Mail-Adresse:\u00a0info@zengaffinenag.chTelefonnummer: +41 27 933 61 00 Design, Programmierung und Hosting Supersaxo Media AGKantonsstrasse 73a3930 Visp Telefon: 027 924 60 82E-Mail:\u00a0media@supersaxo.swissWebsite:\u00a0supersaxo.media Die Oberwalliser Agentur f\u00fcr professionelle Webseiten mit WordPress Haftungshinweis Inhalt und Gestaltung unserer Internetseiten sind urheberrechtlich gesch\u00fctzt. Vervielf\u00e4ltigung bzw. Speicherung nur mit [&hellip;]","og_url":"https:\/\/www.zengaffinenag.ch\/fr\/mentions-legales\/","og_site_name":"Zengaffinen Unternehmungen |\u00a0Bauunternehmung Wallis","article_modified_time":"2025-07-02T08:10:32+00:00","og_image":[{"width":2048,"height":1238,"url":"https:\/\/www.zengaffinenag.ch\/wp-content\/uploads\/2025\/02\/5DIV6361_WEB.jpg","type":"image\/jpeg"}],"twitter_card":"summary_large_image","twitter_misc":{"Dur\u00e9e de lecture estim\u00e9e":"2 minutes"},"schema":{"@context":"https:\/\/schema.org","@graph":[{"@type":"WebPage","@id":"https:\/\/www.zengaffinenag.ch\/fr\/mentions-legales\/","url":"https:\/\/www.zengaffinenag.ch\/fr\/mentions-legales\/","name":"Mentions l\u00e9gales - Zengaffinen Unternehmungen |\u00a0Bauunternehmung Wallis","isPartOf":{"@id":"https:\/\/www.zengaffinenag.ch\/#website"},"primaryImageOfPage":{"@id":"https:\/\/www.zengaffinenag.ch\/fr\/mentions-legales\/#primaryimage"},"image":{"@id":"https:\/\/www.zengaffinenag.ch\/fr\/mentions-legales\/#primaryimage"},"thumbnailUrl":"https:\/\/www.zengaffinenag.ch\/wp-content\/uploads\/2025\/02\/5DIV6361_WEB.jpg","datePublished":"2025-02-10T10:45:13+00:00","dateModified":"2025-07-02T08:10:32+00:00","breadcrumb":{"@id":"https:\/\/www.zengaffinenag.ch\/fr\/mentions-legales\/#breadcrumb"},"inLanguage":"fr-FR","potentialAction":[{"@type":"ReadAction","target":["https:\/\/www.zengaffinenag.ch\/fr\/mentions-legales\/"]}]},{"@type":"ImageObject","inLanguage":"fr-FR","@id":"https:\/\/www.zengaffinenag.ch\/fr\/mentions-legales\/#primaryimage","url":"https:\/\/www.zengaffinenag.ch\/wp-content\/uploads\/2025\/02\/5DIV6361_WEB.jpg","contentUrl":"https:\/\/www.zengaffinenag.ch\/wp-content\/uploads\/2025\/02\/5DIV6361_WEB.jpg","width":2048,"height":1238},{"@type":"BreadcrumbList","@id":"https:\/\/www.zengaffinenag.ch\/fr\/mentions-legales\/#breadcrumb","itemListElement":[{"@type":"ListItem","position":1,"name":"Home","item":"https:\/\/www.zengaffinenag.ch\/fr\/"},{"@type":"ListItem","position":2,"name":"Mentions l\u00e9gales"}]},{"@type":"WebSite","@id":"https:\/\/www.zengaffinenag.ch\/#website","url":"https:\/\/www.zengaffinenag.ch\/","name":"Zengaffinen Unternehmungen |\u00a0Bauunternehmung Wallis","description":"","potentialAction":[{"@type":"SearchAction","target":{"@type":"EntryPoint","urlTemplate":"https:\/\/www.zengaffinenag.ch\/?s={search_term_string}"},"query-input":{"@type":"PropertyValueSpecification","valueRequired":true,"valueName":"search_term_string"}}],"inLanguage":"fr-FR"}]}},"_links":{"self":[{"href":"https:\/\/www.zengaffinenag.ch\/fr\/wp-json\/wp\/v2\/pages\/4481","targetHints":{"allow":["GET"]}}],"collection":[{"href":"https:\/\/www.zengaffinenag.ch\/fr\/wp-json\/wp\/v2\/pages"}],"about":[{"href":"https:\/\/www.zengaffinenag.ch\/fr\/wp-json\/wp\/v2\/types\/page"}],"author":[{"embeddable":true,"href":"https:\/\/www.zengaffinenag.ch\/fr\/wp-json\/wp\/v2\/users\/1"}],"replies":[{"embeddable":true,"href":"https:\/\/www.zengaffinenag.ch\/fr\/wp-json\/wp\/v2\/comments?post=4481"}],"version-history":[{"count":7,"href":"https:\/\/www.zengaffinenag.ch\/fr\/wp-json\/wp\/v2\/pages\/4481\/revisions"}],"predecessor-version":[{"id":4829,"href":"https:\/\/www.zengaffinenag.ch\/fr\/wp-json\/wp\/v2\/pages\/4481\/revisions\/4829"}],"wp:featuredmedia":[{"embeddable":true,"href":"https:\/\/www.zengaffinenag.ch\/fr\/wp-json\/wp\/v2\/media\/406"}],"wp:attachment":[{"href":"https:\/\/www.zengaffinenag.ch\/fr\/wp-json\/wp\/v2\/media?parent=4481"}],"curies":[{"name":"wp","href":"https:\/\/api.w.org\/{rel}","templated":true}]}}