{"id":3290,"date":"2025-02-14T16:08:07","date_gmt":"2025-02-14T16:08:07","guid":{"rendered":"https:\/\/www.zengaffinenag.ch\/competences\/preisliste\/"},"modified":"2026-03-10T10:59:38","modified_gmt":"2026-03-10T10:59:38","slug":"liste-de-prix","status":"publish","type":"page","link":"https:\/\/www.zengaffinenag.ch\/fr\/competences\/liste-de-prix\/","title":{"rendered":"Liste de prix"},"content":{"rendered":"\t\t<div data-elementor-type=\"wp-page\" data-elementor-id=\"3290\" class=\"elementor elementor-3290 elementor-2869\" data-elementor-post-type=\"page\">\n\t\t\t\t<div class=\"elementor-element elementor-element-79f80edc section-small-hero e-flex e-con-boxed e-con e-parent\" data-id=\"79f80edc\" data-element_type=\"container\" data-e-type=\"container\" data-settings=\"{&quot;background_background&quot;:&quot;classic&quot;}\">\n\t\t\t\t\t<div class=\"e-con-inner\">\n\t\t\t\t\t<\/div>\n\t\t\t\t<\/div>\n\t\t<div class=\"elementor-element elementor-element-e8fafa2 section-breadcrumb e-con-full e-flex e-con e-parent\" data-id=\"e8fafa2\" data-element_type=\"container\" data-e-type=\"container\" data-settings=\"{&quot;background_background&quot;:&quot;classic&quot;}\">\n\t\t<div class=\"elementor-element elementor-element-9d03e01 e-con-full e-flex e-con e-child\" data-id=\"9d03e01\" data-element_type=\"container\" data-e-type=\"container\">\n\t\t\t\t<div class=\"elementor-element elementor-element-f8b6d71 elementor-widget elementor-widget-shortcode\" data-id=\"f8b6d71\" data-element_type=\"widget\" data-e-type=\"widget\" data-widget_type=\"shortcode.default\">\n\t\t\t\t<div class=\"elementor-widget-container\">\n\t\t\t\t\t\t\t<div class=\"elementor-shortcode\"><span><span><a href=\"https:\/\/www.zengaffinenag.ch\/fr\/\">Home<\/a><\/span><\/span><\/div>\n\t\t\t\t\t\t<\/div>\n\t\t\t\t<\/div>\n\t\t\t\t<\/div>\n\t\t<div class=\"elementor-element elementor-element-5192366 e-con-full hero-slogan e-flex e-con e-child\" data-id=\"5192366\" data-element_type=\"container\" data-e-type=\"container\">\n\t\t\t\t<div class=\"elementor-element elementor-element-923b0a7 elementor-widget elementor-widget-text-editor\" data-id=\"923b0a7\" data-element_type=\"widget\" data-e-type=\"widget\" data-widget_type=\"text-editor.default\">\n\t\t\t\t<div class=\"elementor-widget-container\">\n\t\t\t\t\t\t\t\t\t<p>\u00c9tablis depuis 1946<\/p>\t\t\t\t\t\t\t\t<\/div>\n\t\t\t\t<\/div>\n\t\t\t\t<\/div>\n\t\t\t\t<\/div>\n\t\t<section class=\"elementor-element elementor-element-123b292b e-flex e-con-boxed e-con e-parent\" data-id=\"123b292b\" data-element_type=\"container\" data-e-type=\"container\">\n\t\t\t\t\t<div class=\"e-con-inner\">\n\t\t<div class=\"elementor-element elementor-element-4d5a37b8 e-con-full e-flex e-con e-child\" data-id=\"4d5a37b8\" data-element_type=\"container\" data-e-type=\"container\">\n\t\t\t\t<div class=\"elementor-element elementor-element-2b991a75 elementor-widget elementor-widget-leadtext\" data-id=\"2b991a75\" data-element_type=\"widget\" data-e-type=\"widget\" data-widget_type=\"leadtext.default\">\n\t\t\t\t<div class=\"elementor-widget-container\">\n\t\t\t\t\t<div class=\"lead\"><h1>Liste de prix<\/h1>\n<p>La construction est notre passion et notre vie. Pour nos entreprises, seul le niveau de qualit\u00e9 le plus \u00e9lev\u00e9 compte. Depuis plus de 75 ans, nous avons eu l'occasion de marquer de notre empreinte de nombreux b\u00e2timents priv\u00e9s et publics. Des entreprises et des investisseurs de renom font confiance \u00e0 l'exp\u00e9rience et au savoir-faire des entreprises Zengaffinen. La qualit\u00e9 et la durabilit\u00e9 comptent-elles aussi pour vous ? Vous pouvez vous fier \u00e0 nous.<\/p>\n<p>Vous trouverez ici notre liste de prix actuelle en format pdf.<\/p><\/div>\t\t\t\t<\/div>\n\t\t\t\t<\/div>\n\t\t\t\t<div class=\"elementor-element elementor-element-4251ddf elementor-widget elementor-widget-button\" data-id=\"4251ddf\" data-element_type=\"widget\" data-e-type=\"widget\" data-widget_type=\"button.default\">\n\t\t\t\t<div class=\"elementor-widget-container\">\n\t\t\t\t\t\t\t\t\t<div class=\"elementor-button-wrapper\">\n\t\t\t\t\t<a class=\"elementor-button elementor-button-link elementor-size-sm\" href=\"https:\/\/www.zengaffinenag.ch\/wp-content\/uploads\/2026\/03\/Preisliste_2026_FR.pdf\" target=\"_blank\">\n\t\t\t\t\t\t<span class=\"elementor-button-content-wrapper\">\n\t\t\t\t\t\t\t\t\t<span class=\"elementor-button-text\">T\u00e9l\u00e9charger le PDF<\/span>\n\t\t\t\t\t<\/span>\n\t\t\t\t\t<\/a>\n\t\t\t\t<\/div>\n\t\t\t\t\t\t\t\t<\/div>\n\t\t\t\t<\/div>\n\t\t\t\t<\/div>\n\t\t\t\t\t<\/div>\n\t\t\t\t<\/section>\n\t\t<section class=\"elementor-element elementor-element-3621aaed section-innerspace section-cta e-flex e-con-boxed e-con e-parent\" data-id=\"3621aaed\" data-element_type=\"container\" data-e-type=\"container\" data-settings=\"{&quot;background_background&quot;:&quot;classic&quot;}\">\n\t\t\t\t\t<div class=\"e-con-inner\">\n\t\t<div class=\"elementor-element elementor-element-37efaf99 e-con-full e-flex e-con e-child\" data-id=\"37efaf99\" data-element_type=\"container\" data-e-type=\"container\">\n\t\t\t\t<div class=\"elementor-element elementor-element-be41d49 elementor-widget elementor-widget-text-editor\" data-id=\"be41d49\" data-element_type=\"widget\" data-e-type=\"widget\" data-widget_type=\"text-editor.default\">\n\t\t\t\t<div class=\"elementor-widget-container\">\n\t\t\t\t\t\t\t\t\t<h2>Conseil<\/h2>\t\t\t\t\t\t\t\t<\/div>\n\t\t\t\t<\/div>\n\t\t\t\t<\/div>\n\t\t<div class=\"elementor-element elementor-element-1f65efce e-con-full e-flex e-con e-child\" data-id=\"1f65efce\" data-element_type=\"container\" data-e-type=\"container\">\n\t\t\t\t<div class=\"elementor-element elementor-element-275fab1f elementor-grid-1 elementor-grid-tablet-2 elementor-grid-mobile-1 elementor-widget elementor-widget-loop-grid\" data-id=\"275fab1f\" data-element_type=\"widget\" data-e-type=\"widget\" data-settings=\"{&quot;template_id&quot;:4013,&quot;columns&quot;:1,&quot;_skin&quot;:&quot;post&quot;,&quot;columns_tablet&quot;:&quot;2&quot;,&quot;columns_mobile&quot;:&quot;1&quot;,&quot;edit_handle_selector&quot;:&quot;[data-elementor-type=\\&quot;loop-item\\&quot;]&quot;,&quot;row_gap&quot;:{&quot;unit&quot;:&quot;px&quot;,&quot;size&quot;:&quot;&quot;,&quot;sizes&quot;:[]},&quot;row_gap_tablet_extra&quot;:{&quot;unit&quot;:&quot;px&quot;,&quot;size&quot;:&quot;&quot;,&quot;sizes&quot;:[]},&quot;row_gap_tablet&quot;:{&quot;unit&quot;:&quot;px&quot;,&quot;size&quot;:&quot;&quot;,&quot;sizes&quot;:[]},&quot;row_gap_mobile&quot;:{&quot;unit&quot;:&quot;px&quot;,&quot;size&quot;:&quot;&quot;,&quot;sizes&quot;:[]}}\" data-widget_type=\"loop-grid.post\">\n\t\t\t\t<div class=\"elementor-widget-container\">\n\t\t\t\t\t\t\t<div class=\"elementor-loop-container elementor-grid\" role=\"list\">\n\t\t<style id=\"loop-4013\">.elementor-4013 .elementor-element.elementor-element-50e6e97{--display:flex;--gap:0px 30px;--row-gap:0px;--column-gap:30px;--padding-top:50px;--padding-bottom:50px;--padding-left:400px;--padding-right:0px;}.elementor-4013 .elementor-element.elementor-element-16cdd56 > .elementor-widget-container{margin:0px 0px 16px 0px;}.elementor-4013 .elementor-element.elementor-element-0e3732c > .elementor-widget-container{margin:0px 0px 0px 0px;}.elementor-4013 .elementor-element.elementor-element-827cbcc{--display:flex;--padding-top:0px;--padding-bottom:0px;--padding-left:0px;--padding-right:0px;}.elementor-4013 .elementor-element.elementor-element-2ec194b > .elementor-widget-container{margin:0px 0px 30px 0px;}.elementor-4013 .elementor-element.elementor-element-fd0e7d7{--display:flex;--flex-direction:row;--container-widget-width:initial;--container-widget-height:100%;--container-widget-flex-grow:1;--container-widget-align-self:stretch;--flex-wrap-mobile:wrap;--gap:15px 15px;--row-gap:15px;--column-gap:15px;--padding-top:0px;--padding-bottom:0px;--padding-left:0px;--padding-right:0px;}.elementor-4013 .elementor-element.elementor-element-abae0ac{text-align:center;bottom:-100px;}.elementor-4013 .elementor-element.elementor-element-abae0ac img{width:350px;}body:not(.rtl) .elementor-4013 .elementor-element.elementor-element-abae0ac{left:-20px;}body.rtl .elementor-4013 .elementor-element.elementor-element-abae0ac{right:-20px;}@media(max-width:1200px){.elementor-4013 .elementor-element.elementor-element-50e6e97{--padding-top:50px;--padding-bottom:50px;--padding-left:250px;--padding-right:0px;}.elementor-4013 .elementor-element.elementor-element-abae0ac img{width:250px;}body:not(.rtl) .elementor-4013 .elementor-element.elementor-element-abae0ac{left:0px;}body.rtl .elementor-4013 .elementor-element.elementor-element-abae0ac{right:0px;}.elementor-4013 .elementor-element.elementor-element-abae0ac{bottom:0px;}}@media(max-width:767px){.elementor-4013 .elementor-element.elementor-element-50e6e97{--flex-direction:column;--container-widget-width:calc( ( 1 - var( --container-widget-flex-grow ) ) * 100% );--container-widget-height:initial;--container-widget-flex-grow:0;--container-widget-align-self:initial;--flex-wrap-mobile:wrap;--align-items:center;--padding-top:50px;--padding-bottom:230px;--padding-left:20px;--padding-right:20px;}.elementor-4013 .elementor-element.elementor-element-0e3732c{text-align:center;}.elementor-4013 .elementor-element.elementor-element-2ec194b{text-align:center;}.elementor-4013 .elementor-element.elementor-element-fd0e7d7{--justify-content:center;}.elementor-4013 .elementor-element.elementor-element-abae0ac img{width:200px;}body:not(.rtl) .elementor-4013 .elementor-element.elementor-element-abae0ac{left:0px;}body.rtl .elementor-4013 .elementor-element.elementor-element-abae0ac{right:0px;}.elementor-4013 .elementor-element.elementor-element-abae0ac{bottom:0px;}}\/* Start custom CSS for image, class: .elementor-element-abae0ac *\/@media screen and (max-width: 768px){\n    .elementor-4013 .elementor-element.elementor-element-abae0ac {\n        margin: 0 auto;\n        left: 0;\n        right: 0;\n    }\n}\/* End custom CSS *\/<\/style>\t\t<div data-elementor-type=\"loop-item\" data-elementor-id=\"4013\" class=\"elementor elementor-4013 elementor-1299 elementor-1299 e-loop-item e-loop-item-3099 post-3099 ansprechpartner type-ansprechpartner status-publish has-post-thumbnail hentry\" data-elementor-post-type=\"elementor_library\" data-custom-edit-handle=\"1\">\n\t\t\t<div class=\"elementor-element elementor-element-50e6e97 e-con-full e-flex e-con e-child\" data-id=\"50e6e97\" data-element_type=\"container\" data-e-type=\"container\">\n\t\t\t\t<div class=\"elementor-element elementor-element-16cdd56 elementor-widget elementor-widget-theme-post-title elementor-page-title elementor-widget-heading\" data-id=\"16cdd56\" data-element_type=\"widget\" data-e-type=\"widget\" data-widget_type=\"theme-post-title.default\">\n\t\t\t\t<div class=\"elementor-widget-container\">\n\t\t\t\t\t<h3 class=\"elementor-heading-title elementor-size-default\">Patrick Marty<\/h3>\t\t\t\t<\/div>\n\t\t\t\t<\/div>\n\t\t\t\t<div class=\"elementor-element elementor-element-0e3732c elementor-widget elementor-widget-text-editor\" data-id=\"0e3732c\" data-element_type=\"widget\" data-e-type=\"widget\" data-widget_type=\"text-editor.default\">\n\t\t\t\t<div class=\"elementor-widget-container\">\n\t\t\t\t\t\t\t\t\tMembre de la direction | D\u00e9partement services logistiques\t\t\t\t\t\t\t\t<\/div>\n\t\t\t\t<\/div>\n\t\t<a class=\"elementor-element elementor-element-827cbcc e-flex e-con-boxed e-con e-child\" data-id=\"827cbcc\" data-element_type=\"container\" data-e-type=\"container\" href=\"tel:+41794028782\">\n\t\t\t\t\t<div class=\"e-con-inner\">\n\t\t\t\t<div class=\"elementor-element elementor-element-2ec194b elementor-widget elementor-widget-text-editor\" data-id=\"2ec194b\" data-element_type=\"widget\" data-e-type=\"widget\" data-widget_type=\"text-editor.default\">\n\t\t\t\t<div class=\"elementor-widget-container\">\n\t\t\t\t\t\t\t\t\t079 402 87 82\t\t\t\t\t\t\t\t<\/div>\n\t\t\t\t<\/div>\n\t\t\t\t\t<\/div>\n\t\t\t\t<\/a>\n\t\t<div class=\"elementor-element elementor-element-fd0e7d7 e-con-full e-flex e-con e-child\" data-id=\"fd0e7d7\" data-element_type=\"container\" data-e-type=\"container\">\n\t\t\t\t<div class=\"elementor-element elementor-element-2c3c30f elementor-button-info elementor-widget elementor-widget-button\" data-id=\"2c3c30f\" data-element_type=\"widget\" data-e-type=\"widget\" data-widget_type=\"button.default\">\n\t\t\t\t<div class=\"elementor-widget-container\">\n\t\t\t\t\t\t\t\t\t<div class=\"elementor-button-wrapper\">\n\t\t\t\t\t<a class=\"elementor-button elementor-button-link elementor-size-sm\" href=\"mailto:patrick.marty@zengaffinenag.ch\">\n\t\t\t\t\t\t<span class=\"elementor-button-content-wrapper\">\n\t\t\t\t\t\t\t\t\t<span class=\"elementor-button-text\">E-Mail<\/span>\n\t\t\t\t\t<\/span>\n\t\t\t\t\t<\/a>\n\t\t\t\t<\/div>\n\t\t\t\t\t\t\t\t<\/div>\n\t\t\t\t<\/div>\n\t\t\t\t<\/div>\n\t\t\t\t<div class=\"elementor-element elementor-element-abae0ac elementor-absolute elementor-widget elementor-widget-image\" data-id=\"abae0ac\" data-element_type=\"widget\" data-e-type=\"widget\" data-settings=\"{&quot;_position&quot;:&quot;absolute&quot;}\" data-widget_type=\"image.default\">\n\t\t\t\t<div class=\"elementor-widget-container\">\n\t\t\t\t\t\t\t\t\t\t\t\t\t\t\t<img fetchpriority=\"high\" decoding=\"async\" width=\"768\" height=\"772\" src=\"https:\/\/www.zengaffinenag.ch\/wp-content\/uploads\/2025\/02\/Patrick-Marty-768x772.png\" class=\"attachment-medium_large size-medium_large wp-image-3098\" alt=\"\" srcset=\"https:\/\/www.zengaffinenag.ch\/wp-content\/uploads\/2025\/02\/Patrick-Marty-768x772.png 768w, https:\/\/www.zengaffinenag.ch\/wp-content\/uploads\/2025\/02\/Patrick-Marty-150x150.png 150w, https:\/\/www.zengaffinenag.ch\/wp-content\/uploads\/2025\/02\/Patrick-Marty.png 796w\" sizes=\"(max-width: 768px) 100vw, 768px\" \/>\t\t\t\t\t\t\t\t\t\t\t\t\t\t\t<\/div>\n\t\t\t\t<\/div>\n\t\t\t\t<\/div>\n\t\t\t\t<\/div>\n\t\t\t\t<\/div>\n\t\t\n\t\t\t\t\t\t<\/div>\n\t\t\t\t<\/div>\n\t\t\t\t<\/div>\n\t\t\t\t\t<\/div>\n\t\t\t\t<\/section>\n\t\t\t\t<\/div>\n\t\t","protected":false},"excerpt":{"rendered":"<p>\u00c9tablis depuis 1946 Liste de prix La construction est notre passion et notre vie. Pour nos entreprises, seul le niveau de qualit\u00e9 le plus \u00e9lev\u00e9 compte. Depuis plus de 75 ans, nous avons eu l&rsquo;occasion de marquer de notre empreinte de nombreux b\u00e2timents priv\u00e9s et publics. Des entreprises et des investisseurs de renom font confiance [&hellip;]<\/p>\n","protected":false},"author":1,"featured_media":3729,"parent":2863,"menu_order":0,"comment_status":"closed","ping_status":"closed","template":"","meta":{"_acf_changed":false,"footnotes":""},"class_list":["post-3290","page","type-page","status-publish","has-post-thumbnail","hentry"],"acf":[],"yoast_head":"<!-- This site is optimized with the Yoast SEO plugin v27.3 - https:\/\/yoast.com\/product\/yoast-seo-wordpress\/ -->\n<title>Liste de prix - Zengaffinen Unternehmungen |\u00a0Bauunternehmung Wallis<\/title>\n<meta name=\"robots\" content=\"index, follow, max-snippet:-1, max-image-preview:large, max-video-preview:-1\" \/>\n<link rel=\"canonical\" href=\"https:\/\/www.zengaffinenag.ch\/fr\/competences\/liste-de-prix\/\" \/>\n<meta property=\"og:locale\" content=\"fr_FR\" \/>\n<meta property=\"og:type\" content=\"article\" \/>\n<meta property=\"og:title\" content=\"Liste de prix - Zengaffinen Unternehmungen |\u00a0Bauunternehmung Wallis\" \/>\n<meta property=\"og:description\" content=\"\u00c9tablis depuis 1946 Liste de prix La construction est notre passion et notre vie. Pour nos entreprises, seul le niveau de qualit\u00e9 le plus \u00e9lev\u00e9 compte. Depuis plus de 75 ans, nous avons eu l&rsquo;occasion de marquer de notre empreinte de nombreux b\u00e2timents priv\u00e9s et publics. Des entreprises et des investisseurs de renom font confiance [&hellip;]\" \/>\n<meta property=\"og:url\" content=\"https:\/\/www.zengaffinenag.ch\/fr\/competences\/liste-de-prix\/\" \/>\n<meta property=\"og:site_name\" content=\"Zengaffinen Unternehmungen |\u00a0Bauunternehmung Wallis\" \/>\n<meta property=\"article:modified_time\" content=\"2026-03-10T10:59:38+00:00\" \/>\n<meta property=\"og:image\" content=\"https:\/\/www.zengaffinenag.ch\/wp-content\/uploads\/2025\/04\/7_F1000684_DRUCK\u00a9christianpfammatter.jpg\" \/>\n\t<meta property=\"og:image:width\" content=\"1920\" \/>\n\t<meta property=\"og:image:height\" content=\"1280\" \/>\n\t<meta property=\"og:image:type\" content=\"image\/jpeg\" \/>\n<meta name=\"twitter:card\" content=\"summary_large_image\" \/>\n<meta name=\"twitter:label1\" content=\"Dur\u00e9e de lecture estim\u00e9e\" \/>\n\t<meta name=\"twitter:data1\" content=\"2 minutes\" \/>\n<script type=\"application\/ld+json\" class=\"yoast-schema-graph\">{\"@context\":\"https:\\\/\\\/schema.org\",\"@graph\":[{\"@type\":\"WebPage\",\"@id\":\"https:\\\/\\\/www.zengaffinenag.ch\\\/fr\\\/competences\\\/liste-de-prix\\\/\",\"url\":\"https:\\\/\\\/www.zengaffinenag.ch\\\/fr\\\/competences\\\/liste-de-prix\\\/\",\"name\":\"Liste de prix - Zengaffinen Unternehmungen |\u00a0Bauunternehmung Wallis\",\"isPartOf\":{\"@id\":\"https:\\\/\\\/www.zengaffinenag.ch\\\/#website\"},\"primaryImageOfPage\":{\"@id\":\"https:\\\/\\\/www.zengaffinenag.ch\\\/fr\\\/competences\\\/liste-de-prix\\\/#primaryimage\"},\"image\":{\"@id\":\"https:\\\/\\\/www.zengaffinenag.ch\\\/fr\\\/competences\\\/liste-de-prix\\\/#primaryimage\"},\"thumbnailUrl\":\"https:\\\/\\\/www.zengaffinenag.ch\\\/wp-content\\\/uploads\\\/2025\\\/04\\\/7_F1000684_DRUCK\u00a9christianpfammatter.jpg\",\"datePublished\":\"2025-02-14T16:08:07+00:00\",\"dateModified\":\"2026-03-10T10:59:38+00:00\",\"breadcrumb\":{\"@id\":\"https:\\\/\\\/www.zengaffinenag.ch\\\/fr\\\/competences\\\/liste-de-prix\\\/#breadcrumb\"},\"inLanguage\":\"fr-FR\",\"potentialAction\":[{\"@type\":\"ReadAction\",\"target\":[\"https:\\\/\\\/www.zengaffinenag.ch\\\/fr\\\/competences\\\/liste-de-prix\\\/\"]}]},{\"@type\":\"ImageObject\",\"inLanguage\":\"fr-FR\",\"@id\":\"https:\\\/\\\/www.zengaffinenag.ch\\\/fr\\\/competences\\\/liste-de-prix\\\/#primaryimage\",\"url\":\"https:\\\/\\\/www.zengaffinenag.ch\\\/wp-content\\\/uploads\\\/2025\\\/04\\\/7_F1000684_DRUCK\u00a9christianpfammatter.jpg\",\"contentUrl\":\"https:\\\/\\\/www.zengaffinenag.ch\\\/wp-content\\\/uploads\\\/2025\\\/04\\\/7_F1000684_DRUCK\u00a9christianpfammatter.jpg\",\"width\":1920,\"height\":1280},{\"@type\":\"BreadcrumbList\",\"@id\":\"https:\\\/\\\/www.zengaffinenag.ch\\\/fr\\\/competences\\\/liste-de-prix\\\/#breadcrumb\",\"itemListElement\":[{\"@type\":\"ListItem\",\"position\":1,\"name\":\"Home\",\"item\":\"https:\\\/\\\/www.zengaffinenag.ch\\\/fr\\\/\"},{\"@type\":\"ListItem\",\"position\":2,\"name\":\"Comp\u00e9tences\",\"item\":\"https:\\\/\\\/www.zengaffinenag.ch\\\/fr\\\/competences\\\/\"},{\"@type\":\"ListItem\",\"position\":3,\"name\":\"Liste de prix\"}]},{\"@type\":\"WebSite\",\"@id\":\"https:\\\/\\\/www.zengaffinenag.ch\\\/#website\",\"url\":\"https:\\\/\\\/www.zengaffinenag.ch\\\/\",\"name\":\"Zengaffinen Unternehmungen |\u00a0Bauunternehmung Wallis\",\"description\":\"\",\"potentialAction\":[{\"@type\":\"SearchAction\",\"target\":{\"@type\":\"EntryPoint\",\"urlTemplate\":\"https:\\\/\\\/www.zengaffinenag.ch\\\/?s={search_term_string}\"},\"query-input\":{\"@type\":\"PropertyValueSpecification\",\"valueRequired\":true,\"valueName\":\"search_term_string\"}}],\"inLanguage\":\"fr-FR\"}]}<\/script>\n<!-- \/ Yoast SEO plugin. -->","yoast_head_json":{"title":"Liste de prix - Zengaffinen Unternehmungen |\u00a0Bauunternehmung Wallis","robots":{"index":"index","follow":"follow","max-snippet":"max-snippet:-1","max-image-preview":"max-image-preview:large","max-video-preview":"max-video-preview:-1"},"canonical":"https:\/\/www.zengaffinenag.ch\/fr\/competences\/liste-de-prix\/","og_locale":"fr_FR","og_type":"article","og_title":"Liste de prix - Zengaffinen Unternehmungen |\u00a0Bauunternehmung Wallis","og_description":"\u00c9tablis depuis 1946 Liste de prix La construction est notre passion et notre vie. Pour nos entreprises, seul le niveau de qualit\u00e9 le plus \u00e9lev\u00e9 compte. Depuis plus de 75 ans, nous avons eu l&rsquo;occasion de marquer de notre empreinte de nombreux b\u00e2timents priv\u00e9s et publics. Des entreprises et des investisseurs de renom font confiance [&hellip;]","og_url":"https:\/\/www.zengaffinenag.ch\/fr\/competences\/liste-de-prix\/","og_site_name":"Zengaffinen Unternehmungen |\u00a0Bauunternehmung Wallis","article_modified_time":"2026-03-10T10:59:38+00:00","og_image":[{"width":1920,"height":1280,"url":"https:\/\/www.zengaffinenag.ch\/wp-content\/uploads\/2025\/04\/7_F1000684_DRUCK\u00a9christianpfammatter.jpg","type":"image\/jpeg"}],"twitter_card":"summary_large_image","twitter_misc":{"Dur\u00e9e de lecture estim\u00e9e":"2 minutes"},"schema":{"@context":"https:\/\/schema.org","@graph":[{"@type":"WebPage","@id":"https:\/\/www.zengaffinenag.ch\/fr\/competences\/liste-de-prix\/","url":"https:\/\/www.zengaffinenag.ch\/fr\/competences\/liste-de-prix\/","name":"Liste de prix - Zengaffinen Unternehmungen |\u00a0Bauunternehmung Wallis","isPartOf":{"@id":"https:\/\/www.zengaffinenag.ch\/#website"},"primaryImageOfPage":{"@id":"https:\/\/www.zengaffinenag.ch\/fr\/competences\/liste-de-prix\/#primaryimage"},"image":{"@id":"https:\/\/www.zengaffinenag.ch\/fr\/competences\/liste-de-prix\/#primaryimage"},"thumbnailUrl":"https:\/\/www.zengaffinenag.ch\/wp-content\/uploads\/2025\/04\/7_F1000684_DRUCK\u00a9christianpfammatter.jpg","datePublished":"2025-02-14T16:08:07+00:00","dateModified":"2026-03-10T10:59:38+00:00","breadcrumb":{"@id":"https:\/\/www.zengaffinenag.ch\/fr\/competences\/liste-de-prix\/#breadcrumb"},"inLanguage":"fr-FR","potentialAction":[{"@type":"ReadAction","target":["https:\/\/www.zengaffinenag.ch\/fr\/competences\/liste-de-prix\/"]}]},{"@type":"ImageObject","inLanguage":"fr-FR","@id":"https:\/\/www.zengaffinenag.ch\/fr\/competences\/liste-de-prix\/#primaryimage","url":"https:\/\/www.zengaffinenag.ch\/wp-content\/uploads\/2025\/04\/7_F1000684_DRUCK\u00a9christianpfammatter.jpg","contentUrl":"https:\/\/www.zengaffinenag.ch\/wp-content\/uploads\/2025\/04\/7_F1000684_DRUCK\u00a9christianpfammatter.jpg","width":1920,"height":1280},{"@type":"BreadcrumbList","@id":"https:\/\/www.zengaffinenag.ch\/fr\/competences\/liste-de-prix\/#breadcrumb","itemListElement":[{"@type":"ListItem","position":1,"name":"Home","item":"https:\/\/www.zengaffinenag.ch\/fr\/"},{"@type":"ListItem","position":2,"name":"Comp\u00e9tences","item":"https:\/\/www.zengaffinenag.ch\/fr\/competences\/"},{"@type":"ListItem","position":3,"name":"Liste de prix"}]},{"@type":"WebSite","@id":"https:\/\/www.zengaffinenag.ch\/#website","url":"https:\/\/www.zengaffinenag.ch\/","name":"Zengaffinen Unternehmungen |\u00a0Bauunternehmung Wallis","description":"","potentialAction":[{"@type":"SearchAction","target":{"@type":"EntryPoint","urlTemplate":"https:\/\/www.zengaffinenag.ch\/?s={search_term_string}"},"query-input":{"@type":"PropertyValueSpecification","valueRequired":true,"valueName":"search_term_string"}}],"inLanguage":"fr-FR"}]}},"_links":{"self":[{"href":"https:\/\/www.zengaffinenag.ch\/fr\/wp-json\/wp\/v2\/pages\/3290","targetHints":{"allow":["GET"]}}],"collection":[{"href":"https:\/\/www.zengaffinenag.ch\/fr\/wp-json\/wp\/v2\/pages"}],"about":[{"href":"https:\/\/www.zengaffinenag.ch\/fr\/wp-json\/wp\/v2\/types\/page"}],"author":[{"embeddable":true,"href":"https:\/\/www.zengaffinenag.ch\/fr\/wp-json\/wp\/v2\/users\/1"}],"replies":[{"embeddable":true,"href":"https:\/\/www.zengaffinenag.ch\/fr\/wp-json\/wp\/v2\/comments?post=3290"}],"version-history":[{"count":20,"href":"https:\/\/www.zengaffinenag.ch\/fr\/wp-json\/wp\/v2\/pages\/3290\/revisions"}],"predecessor-version":[{"id":5121,"href":"https:\/\/www.zengaffinenag.ch\/fr\/wp-json\/wp\/v2\/pages\/3290\/revisions\/5121"}],"up":[{"embeddable":true,"href":"https:\/\/www.zengaffinenag.ch\/fr\/wp-json\/wp\/v2\/pages\/2863"}],"wp:featuredmedia":[{"embeddable":true,"href":"https:\/\/www.zengaffinenag.ch\/fr\/wp-json\/wp\/v2\/media\/3729"}],"wp:attachment":[{"href":"https:\/\/www.zengaffinenag.ch\/fr\/wp-json\/wp\/v2\/media?parent=3290"}],"curies":[{"name":"wp","href":"https:\/\/api.w.org\/{rel}","templated":true}]}}