{"id":2530,"date":"2025-02-14T14:12:02","date_gmt":"2025-02-14T14:12:02","guid":{"rendered":"https:\/\/www.zengaffinenag.ch\/altlastensanierung\/"},"modified":"2025-07-02T08:11:57","modified_gmt":"2025-07-02T08:11:57","slug":"assainissement-de-sites-contamines","status":"publish","type":"page","link":"https:\/\/www.zengaffinenag.ch\/fr\/competences\/assainissement-de-sites-contamines\/","title":{"rendered":"Assainissement de sites contamin\u00e9s"},"content":{"rendered":"\t\t<div data-elementor-type=\"wp-page\" data-elementor-id=\"2530\" class=\"elementor elementor-2530 elementor-2512\" data-elementor-post-type=\"page\">\n\t\t\t\t<div class=\"elementor-element elementor-element-79f80edc section-small-hero e-flex e-con-boxed e-con e-parent\" data-id=\"79f80edc\" data-element_type=\"container\" data-e-type=\"container\" data-settings=\"{&quot;background_background&quot;:&quot;classic&quot;}\">\n\t\t\t\t\t<div class=\"e-con-inner\">\n\t\t\t\t\t<\/div>\n\t\t\t\t<\/div>\n\t\t<div class=\"elementor-element elementor-element-31cb101 section-breadcrumb e-con-full e-flex e-con e-parent\" data-id=\"31cb101\" data-element_type=\"container\" data-e-type=\"container\" data-settings=\"{&quot;background_background&quot;:&quot;classic&quot;}\">\n\t\t<div class=\"elementor-element elementor-element-68ea14c e-con-full e-flex e-con e-child\" data-id=\"68ea14c\" data-element_type=\"container\" data-e-type=\"container\">\n\t\t\t\t<div class=\"elementor-element elementor-element-6768ea7 elementor-widget elementor-widget-shortcode\" data-id=\"6768ea7\" data-element_type=\"widget\" data-e-type=\"widget\" data-widget_type=\"shortcode.default\">\n\t\t\t\t<div class=\"elementor-widget-container\">\n\t\t\t\t\t\t\t<div class=\"elementor-shortcode\"><span><span><a href=\"https:\/\/www.zengaffinenag.ch\/fr\/\">Home<\/a><\/span><\/span><\/div>\n\t\t\t\t\t\t<\/div>\n\t\t\t\t<\/div>\n\t\t\t\t<\/div>\n\t\t<div class=\"elementor-element elementor-element-56b8e4b e-con-full hero-slogan e-flex e-con e-child\" data-id=\"56b8e4b\" data-element_type=\"container\" data-e-type=\"container\">\n\t\t\t\t<div class=\"elementor-element elementor-element-f3b1998 elementor-widget elementor-widget-text-editor\" data-id=\"f3b1998\" data-element_type=\"widget\" data-e-type=\"widget\" data-widget_type=\"text-editor.default\">\n\t\t\t\t<div class=\"elementor-widget-container\">\n\t\t\t\t\t\t\t\t\t<p>\u00c9tablis depuis 1946<\/p>\t\t\t\t\t\t\t\t<\/div>\n\t\t\t\t<\/div>\n\t\t\t\t<\/div>\n\t\t\t\t<\/div>\n\t\t<section class=\"elementor-element elementor-element-123b292b e-flex e-con-boxed e-con e-parent\" data-id=\"123b292b\" data-element_type=\"container\" data-e-type=\"container\">\n\t\t\t\t\t<div class=\"e-con-inner\">\n\t\t<div class=\"elementor-element elementor-element-4d5a37b8 e-con-full e-flex e-con e-child\" data-id=\"4d5a37b8\" data-element_type=\"container\" data-e-type=\"container\">\n\t\t\t\t<div class=\"elementor-element elementor-element-2b991a75 elementor-widget elementor-widget-leadtext\" data-id=\"2b991a75\" data-element_type=\"widget\" data-e-type=\"widget\" data-widget_type=\"leadtext.default\">\n\t\t\t\t<div class=\"elementor-widget-container\">\n\t\t\t\t\t<div class=\"lead\"><h1>Assainissement de sites contamin\u00e9s<\/h1>\n<p>En cas de contamination d\u2019un site, nous pouvons proposer une solution globale convaincante. Les sols et les b\u00e2timents contamin\u00e9s repr\u00e9sentent une menace pour l\u2019environnement et constituent donc un s\u00e9rieux d\u00e9fi pour les propri\u00e9taires concern\u00e9s. L\u2019\u00e9vacuation et l\u2019\u00e9limination des contaminants doivent se faire avec professionnalisme.<\/p><\/div>\t\t\t\t<\/div>\n\t\t\t\t<\/div>\n\t\t\t\t<\/div>\n\t\t\t\t\t<\/div>\n\t\t\t\t<\/section>\n\t\t<section class=\"elementor-element elementor-element-c315951 section-text-image e-flex e-con-boxed e-con e-parent\" data-id=\"c315951\" data-element_type=\"container\" data-e-type=\"container\">\n\t\t\t\t\t<div class=\"e-con-inner\">\n\t\t<div class=\"elementor-element elementor-element-5659e41d e-con-full e-flex e-con e-child\" data-id=\"5659e41d\" data-element_type=\"container\" data-e-type=\"container\">\n\t\t<div class=\"elementor-element elementor-element-384dd926 e-con-full e-flex e-con e-child\" data-id=\"384dd926\" data-element_type=\"container\" data-e-type=\"container\">\n\t\t\t\t<div class=\"elementor-element elementor-element-72c4365 elementor-widget elementor-widget-text-editor\" data-id=\"72c4365\" data-element_type=\"widget\" data-e-type=\"widget\" data-widget_type=\"text-editor.default\">\n\t\t\t\t<div class=\"elementor-widget-container\">\n\t\t\t\t\t\t\t\t\t<p>Nous vous conseillons et vous accompagnons, depuis l\u2019analyse des risques jusqu\u2019\u00e0 une \u00e9limination appropri\u00e9e. Nous travaillons avec vous ainsi qu\u2019avec des services sp\u00e9cialis\u00e9s internes et externes pour examiner diff\u00e9rents sc\u00e9narios et comparer les diff\u00e9rentes solutions que sont l\u2019excavation, l\u2019entreposage temporaire, l\u2019assainissement et l\u2019\u00e9limination des r\u00e9sidus. Au cours de ce processus, nous trouvons la solution d&rsquo;assainissement la plus optimale pour vous. Nous excellons \u00e9galement dans d\u2019autres comp\u00e9tences comme p.ex. l\u2019excavation, depuis la pr\u00e9paration du chantier jusqu\u2019\u00e0 la revalorisation de la mati\u00e8re d\u00e9contamin\u00e9e.<\/p>\n<p>Notre professionnalisme, une infrastructure de pointe, des technologies efficaces et la coop\u00e9ration en r\u00e9seau font de nous un partenaire r\u00e9put\u00e9. Nous avons les connaissances n\u00e9cessaires sur la fa\u00e7on dont les substances dangereuses doivent \u00eatre trait\u00e9es, par exemple pour la reconversion de zones industrielles.<\/p>\t\t\t\t\t\t\t\t<\/div>\n\t\t\t\t<\/div>\n\t\t\t\t<\/div>\n\t\t<div class=\"elementor-element elementor-element-3638ce77 e-con-full e-flex e-con e-child\" data-id=\"3638ce77\" data-element_type=\"container\" data-e-type=\"container\">\n\t\t\t\t<div class=\"elementor-element elementor-element-237aa82f elementor-widget elementor-widget-image\" data-id=\"237aa82f\" data-element_type=\"widget\" data-e-type=\"widget\" data-widget_type=\"image.default\">\n\t\t\t\t<div class=\"elementor-widget-container\">\n\t\t\t\t\t\t\t\t\t\t\t\t\t\t\t<img fetchpriority=\"high\" decoding=\"async\" width=\"800\" height=\"533\" src=\"https:\/\/www.zengaffinenag.ch\/wp-content\/uploads\/2025\/02\/108712_Z5DIV6310_DRUCK-1-1024x682.jpg\" class=\"attachment-large size-large wp-image-2526\" alt=\"\" srcset=\"https:\/\/www.zengaffinenag.ch\/wp-content\/uploads\/2025\/02\/108712_Z5DIV6310_DRUCK-1-1024x682.jpg 1024w, https:\/\/www.zengaffinenag.ch\/wp-content\/uploads\/2025\/02\/108712_Z5DIV6310_DRUCK-1-300x200.jpg 300w, https:\/\/www.zengaffinenag.ch\/wp-content\/uploads\/2025\/02\/108712_Z5DIV6310_DRUCK-1-768x512.jpg 768w, https:\/\/www.zengaffinenag.ch\/wp-content\/uploads\/2025\/02\/108712_Z5DIV6310_DRUCK-1-1536x1024.jpg 1536w, https:\/\/www.zengaffinenag.ch\/wp-content\/uploads\/2025\/02\/108712_Z5DIV6310_DRUCK-1.jpg 2000w\" sizes=\"(max-width: 800px) 100vw, 800px\" \/>\t\t\t\t\t\t\t\t\t\t\t\t\t\t\t<\/div>\n\t\t\t\t<\/div>\n\t\t\t\t<\/div>\n\t\t\t\t<\/div>\n\t\t\t\t\t<\/div>\n\t\t\t\t<\/section>\n\t\t<section class=\"elementor-element elementor-element-3621aaed section-innerspace section-cta e-flex e-con-boxed e-con e-parent\" data-id=\"3621aaed\" data-element_type=\"container\" data-e-type=\"container\" data-settings=\"{&quot;background_background&quot;:&quot;classic&quot;}\">\n\t\t\t\t\t<div class=\"e-con-inner\">\n\t\t<div class=\"elementor-element elementor-element-37efaf99 e-con-full e-flex e-con e-child\" data-id=\"37efaf99\" data-element_type=\"container\" data-e-type=\"container\">\n\t\t\t\t<div class=\"elementor-element elementor-element-be41d49 elementor-widget elementor-widget-text-editor\" data-id=\"be41d49\" data-element_type=\"widget\" data-e-type=\"widget\" data-widget_type=\"text-editor.default\">\n\t\t\t\t<div class=\"elementor-widget-container\">\n\t\t\t\t\t\t\t\t\t<h2>Conseil<\/h2>\t\t\t\t\t\t\t\t<\/div>\n\t\t\t\t<\/div>\n\t\t\t\t<\/div>\n\t\t<div class=\"elementor-element elementor-element-1f65efce e-con-full e-flex e-con e-child\" data-id=\"1f65efce\" data-element_type=\"container\" data-e-type=\"container\">\n\t\t\t\t<div class=\"elementor-element elementor-element-275fab1f elementor-grid-1 elementor-grid-tablet-2 elementor-grid-mobile-1 elementor-widget elementor-widget-loop-grid\" data-id=\"275fab1f\" data-element_type=\"widget\" data-e-type=\"widget\" data-settings=\"{&quot;template_id&quot;:4013,&quot;columns&quot;:1,&quot;_skin&quot;:&quot;post&quot;,&quot;columns_tablet&quot;:&quot;2&quot;,&quot;columns_mobile&quot;:&quot;1&quot;,&quot;edit_handle_selector&quot;:&quot;[data-elementor-type=\\&quot;loop-item\\&quot;]&quot;,&quot;row_gap&quot;:{&quot;unit&quot;:&quot;px&quot;,&quot;size&quot;:&quot;&quot;,&quot;sizes&quot;:[]},&quot;row_gap_tablet_extra&quot;:{&quot;unit&quot;:&quot;px&quot;,&quot;size&quot;:&quot;&quot;,&quot;sizes&quot;:[]},&quot;row_gap_tablet&quot;:{&quot;unit&quot;:&quot;px&quot;,&quot;size&quot;:&quot;&quot;,&quot;sizes&quot;:[]},&quot;row_gap_mobile&quot;:{&quot;unit&quot;:&quot;px&quot;,&quot;size&quot;:&quot;&quot;,&quot;sizes&quot;:[]}}\" data-widget_type=\"loop-grid.post\">\n\t\t\t\t<div class=\"elementor-widget-container\">\n\t\t\t\t\t\t\t<div class=\"elementor-loop-container elementor-grid\" role=\"list\">\n\t\t<style id=\"loop-4013\">.elementor-4013 .elementor-element.elementor-element-50e6e97{--display:flex;--gap:0px 30px;--row-gap:0px;--column-gap:30px;--padding-top:50px;--padding-bottom:50px;--padding-left:400px;--padding-right:0px;}.elementor-4013 .elementor-element.elementor-element-16cdd56 > .elementor-widget-container{margin:0px 0px 16px 0px;}.elementor-4013 .elementor-element.elementor-element-0e3732c > .elementor-widget-container{margin:0px 0px 0px 0px;}.elementor-4013 .elementor-element.elementor-element-827cbcc{--display:flex;--padding-top:0px;--padding-bottom:0px;--padding-left:0px;--padding-right:0px;}.elementor-4013 .elementor-element.elementor-element-2ec194b > .elementor-widget-container{margin:0px 0px 30px 0px;}.elementor-4013 .elementor-element.elementor-element-fd0e7d7{--display:flex;--flex-direction:row;--container-widget-width:initial;--container-widget-height:100%;--container-widget-flex-grow:1;--container-widget-align-self:stretch;--flex-wrap-mobile:wrap;--gap:15px 15px;--row-gap:15px;--column-gap:15px;--padding-top:0px;--padding-bottom:0px;--padding-left:0px;--padding-right:0px;}.elementor-4013 .elementor-element.elementor-element-abae0ac{text-align:center;bottom:-100px;}.elementor-4013 .elementor-element.elementor-element-abae0ac img{width:350px;}body:not(.rtl) .elementor-4013 .elementor-element.elementor-element-abae0ac{left:-20px;}body.rtl .elementor-4013 .elementor-element.elementor-element-abae0ac{right:-20px;}@media(max-width:1200px){.elementor-4013 .elementor-element.elementor-element-50e6e97{--padding-top:50px;--padding-bottom:50px;--padding-left:250px;--padding-right:0px;}.elementor-4013 .elementor-element.elementor-element-abae0ac img{width:250px;}body:not(.rtl) .elementor-4013 .elementor-element.elementor-element-abae0ac{left:0px;}body.rtl .elementor-4013 .elementor-element.elementor-element-abae0ac{right:0px;}.elementor-4013 .elementor-element.elementor-element-abae0ac{bottom:0px;}}@media(max-width:767px){.elementor-4013 .elementor-element.elementor-element-50e6e97{--flex-direction:column;--container-widget-width:calc( ( 1 - var( --container-widget-flex-grow ) ) * 100% );--container-widget-height:initial;--container-widget-flex-grow:0;--container-widget-align-self:initial;--flex-wrap-mobile:wrap;--align-items:center;--padding-top:50px;--padding-bottom:230px;--padding-left:20px;--padding-right:20px;}.elementor-4013 .elementor-element.elementor-element-0e3732c{text-align:center;}.elementor-4013 .elementor-element.elementor-element-2ec194b{text-align:center;}.elementor-4013 .elementor-element.elementor-element-fd0e7d7{--justify-content:center;}.elementor-4013 .elementor-element.elementor-element-abae0ac img{width:200px;}body:not(.rtl) .elementor-4013 .elementor-element.elementor-element-abae0ac{left:0px;}body.rtl .elementor-4013 .elementor-element.elementor-element-abae0ac{right:0px;}.elementor-4013 .elementor-element.elementor-element-abae0ac{bottom:0px;}}\/* Start custom CSS for image, class: .elementor-element-abae0ac *\/@media screen and (max-width: 768px){\n    .elementor-4013 .elementor-element.elementor-element-abae0ac {\n        margin: 0 auto;\n        left: 0;\n        right: 0;\n    }\n}\/* End custom CSS *\/<\/style>\t\t<div data-elementor-type=\"loop-item\" data-elementor-id=\"4013\" class=\"elementor elementor-4013 elementor-1299 elementor-1299 e-loop-item e-loop-item-3094 post-3094 ansprechpartner type-ansprechpartner status-publish has-post-thumbnail hentry\" data-elementor-post-type=\"elementor_library\" data-custom-edit-handle=\"1\">\n\t\t\t<div class=\"elementor-element elementor-element-50e6e97 e-con-full e-flex e-con e-child\" data-id=\"50e6e97\" data-element_type=\"container\" data-e-type=\"container\">\n\t\t\t\t<div class=\"elementor-element elementor-element-16cdd56 elementor-widget elementor-widget-theme-post-title elementor-page-title elementor-widget-heading\" data-id=\"16cdd56\" data-element_type=\"widget\" data-e-type=\"widget\" data-widget_type=\"theme-post-title.default\">\n\t\t\t\t<div class=\"elementor-widget-container\">\n\t\t\t\t\t<h3 class=\"elementor-heading-title elementor-size-default\">Charly Grand<\/h3>\t\t\t\t<\/div>\n\t\t\t\t<\/div>\n\t\t\t\t<div class=\"elementor-element elementor-element-0e3732c elementor-widget elementor-widget-text-editor\" data-id=\"0e3732c\" data-element_type=\"widget\" data-e-type=\"widget\" data-widget_type=\"text-editor.default\">\n\t\t\t\t<div class=\"elementor-widget-container\">\n\t\t\t\t\t\t\t\t\tCEO\t\t\t\t\t\t\t\t<\/div>\n\t\t\t\t<\/div>\n\t\t<a class=\"elementor-element elementor-element-827cbcc e-flex e-con-boxed e-con e-child\" data-id=\"827cbcc\" data-element_type=\"container\" data-e-type=\"container\" href=\"tel:+41279336100\">\n\t\t\t\t\t<div class=\"e-con-inner\">\n\t\t\t\t<div class=\"elementor-element elementor-element-2ec194b elementor-widget elementor-widget-text-editor\" data-id=\"2ec194b\" data-element_type=\"widget\" data-e-type=\"widget\" data-widget_type=\"text-editor.default\">\n\t\t\t\t<div class=\"elementor-widget-container\">\n\t\t\t\t\t\t\t\t\t027 933 61 00\t\t\t\t\t\t\t\t<\/div>\n\t\t\t\t<\/div>\n\t\t\t\t\t<\/div>\n\t\t\t\t<\/a>\n\t\t<div class=\"elementor-element elementor-element-fd0e7d7 e-con-full e-flex e-con e-child\" data-id=\"fd0e7d7\" data-element_type=\"container\" data-e-type=\"container\">\n\t\t\t\t<div class=\"elementor-element elementor-element-2c3c30f elementor-button-info elementor-widget elementor-widget-button\" data-id=\"2c3c30f\" data-element_type=\"widget\" data-e-type=\"widget\" data-widget_type=\"button.default\">\n\t\t\t\t<div class=\"elementor-widget-container\">\n\t\t\t\t\t\t\t\t\t<div class=\"elementor-button-wrapper\">\n\t\t\t\t\t<a class=\"elementor-button elementor-button-link elementor-size-sm\" href=\"mailto:charly.grand@zengaffinenag.ch\">\n\t\t\t\t\t\t<span class=\"elementor-button-content-wrapper\">\n\t\t\t\t\t\t\t\t\t<span class=\"elementor-button-text\">E-Mail<\/span>\n\t\t\t\t\t<\/span>\n\t\t\t\t\t<\/a>\n\t\t\t\t<\/div>\n\t\t\t\t\t\t\t\t<\/div>\n\t\t\t\t<\/div>\n\t\t\t\t<\/div>\n\t\t\t\t<div class=\"elementor-element elementor-element-abae0ac elementor-absolute elementor-widget elementor-widget-image\" data-id=\"abae0ac\" data-element_type=\"widget\" data-e-type=\"widget\" data-settings=\"{&quot;_position&quot;:&quot;absolute&quot;}\" data-widget_type=\"image.default\">\n\t\t\t\t<div class=\"elementor-widget-container\">\n\t\t\t\t\t\t\t\t\t\t\t\t\t\t\t<img decoding=\"async\" width=\"768\" height=\"772\" src=\"https:\/\/www.zengaffinenag.ch\/wp-content\/uploads\/2025\/02\/Charly-Grand-768x772.png\" class=\"attachment-medium_large size-medium_large wp-image-3092\" alt=\"\" srcset=\"https:\/\/www.zengaffinenag.ch\/wp-content\/uploads\/2025\/02\/Charly-Grand-768x772.png 768w, https:\/\/www.zengaffinenag.ch\/wp-content\/uploads\/2025\/02\/Charly-Grand-150x150.png 150w, https:\/\/www.zengaffinenag.ch\/wp-content\/uploads\/2025\/02\/Charly-Grand.png 796w\" sizes=\"(max-width: 768px) 100vw, 768px\" \/>\t\t\t\t\t\t\t\t\t\t\t\t\t\t\t<\/div>\n\t\t\t\t<\/div>\n\t\t\t\t<\/div>\n\t\t\t\t<\/div>\n\t\t\t\t<\/div>\n\t\t\n\t\t\t\t\t\t<\/div>\n\t\t\t\t<\/div>\n\t\t\t\t<\/div>\n\t\t\t\t\t<\/div>\n\t\t\t\t<\/section>\n\t\t\t\t<\/div>\n\t\t","protected":false},"excerpt":{"rendered":"<p>\u00c9tablis depuis 1946 Assainissement de sites contamin\u00e9s En cas de contamination d\u2019un site, nous pouvons proposer une solution globale convaincante. Les sols et les b\u00e2timents contamin\u00e9s repr\u00e9sentent une menace pour l\u2019environnement et constituent donc un s\u00e9rieux d\u00e9fi pour les propri\u00e9taires concern\u00e9s. L\u2019\u00e9vacuation et l\u2019\u00e9limination des contaminants doivent se faire avec professionnalisme. Nous vous conseillons et [&hellip;]<\/p>\n","protected":false},"author":1,"featured_media":2520,"parent":2863,"menu_order":0,"comment_status":"closed","ping_status":"closed","template":"","meta":{"_acf_changed":false,"footnotes":""},"class_list":["post-2530","page","type-page","status-publish","has-post-thumbnail","hentry"],"acf":[],"yoast_head":"<!-- This site is optimized with the Yoast SEO plugin v27.3 - https:\/\/yoast.com\/product\/yoast-seo-wordpress\/ -->\n<title>Assainissement de sites contamin\u00e9s - Zengaffinen Unternehmungen |\u00a0Bauunternehmung Wallis<\/title>\n<meta name=\"robots\" content=\"index, follow, max-snippet:-1, max-image-preview:large, max-video-preview:-1\" \/>\n<link rel=\"canonical\" href=\"https:\/\/www.zengaffinenag.ch\/fr\/competences\/assainissement-de-sites-contamines\/\" \/>\n<meta property=\"og:locale\" content=\"fr_FR\" \/>\n<meta property=\"og:type\" content=\"article\" \/>\n<meta property=\"og:title\" content=\"Assainissement de sites contamin\u00e9s - Zengaffinen Unternehmungen |\u00a0Bauunternehmung Wallis\" \/>\n<meta property=\"og:description\" content=\"\u00c9tablis depuis 1946 Assainissement de sites contamin\u00e9s En cas de contamination d\u2019un site, nous pouvons proposer une solution globale convaincante. Les sols et les b\u00e2timents contamin\u00e9s repr\u00e9sentent une menace pour l\u2019environnement et constituent donc un s\u00e9rieux d\u00e9fi pour les propri\u00e9taires concern\u00e9s. L\u2019\u00e9vacuation et l\u2019\u00e9limination des contaminants doivent se faire avec professionnalisme. Nous vous conseillons et [&hellip;]\" \/>\n<meta property=\"og:url\" content=\"https:\/\/www.zengaffinenag.ch\/fr\/competences\/assainissement-de-sites-contamines\/\" \/>\n<meta property=\"og:site_name\" content=\"Zengaffinen Unternehmungen |\u00a0Bauunternehmung Wallis\" \/>\n<meta property=\"article:modified_time\" content=\"2025-07-02T08:11:57+00:00\" \/>\n<meta property=\"og:image\" content=\"https:\/\/www.zengaffinenag.ch\/wp-content\/uploads\/2025\/02\/DJI_0805_DRUCK.jpg\" \/>\n\t<meta property=\"og:image:width\" content=\"2000\" \/>\n\t<meta property=\"og:image:height\" content=\"1333\" \/>\n\t<meta property=\"og:image:type\" content=\"image\/jpeg\" \/>\n<meta name=\"twitter:card\" content=\"summary_large_image\" \/>\n<meta name=\"twitter:label1\" content=\"Dur\u00e9e de lecture estim\u00e9e\" \/>\n\t<meta name=\"twitter:data1\" content=\"2 minutes\" \/>\n<script type=\"application\/ld+json\" class=\"yoast-schema-graph\">{\"@context\":\"https:\\\/\\\/schema.org\",\"@graph\":[{\"@type\":\"WebPage\",\"@id\":\"https:\\\/\\\/www.zengaffinenag.ch\\\/fr\\\/competences\\\/assainissement-de-sites-contamines\\\/\",\"url\":\"https:\\\/\\\/www.zengaffinenag.ch\\\/fr\\\/competences\\\/assainissement-de-sites-contamines\\\/\",\"name\":\"Assainissement de sites contamin\u00e9s - Zengaffinen Unternehmungen |\u00a0Bauunternehmung Wallis\",\"isPartOf\":{\"@id\":\"https:\\\/\\\/www.zengaffinenag.ch\\\/#website\"},\"primaryImageOfPage\":{\"@id\":\"https:\\\/\\\/www.zengaffinenag.ch\\\/fr\\\/competences\\\/assainissement-de-sites-contamines\\\/#primaryimage\"},\"image\":{\"@id\":\"https:\\\/\\\/www.zengaffinenag.ch\\\/fr\\\/competences\\\/assainissement-de-sites-contamines\\\/#primaryimage\"},\"thumbnailUrl\":\"https:\\\/\\\/www.zengaffinenag.ch\\\/wp-content\\\/uploads\\\/2025\\\/02\\\/DJI_0805_DRUCK.jpg\",\"datePublished\":\"2025-02-14T14:12:02+00:00\",\"dateModified\":\"2025-07-02T08:11:57+00:00\",\"breadcrumb\":{\"@id\":\"https:\\\/\\\/www.zengaffinenag.ch\\\/fr\\\/competences\\\/assainissement-de-sites-contamines\\\/#breadcrumb\"},\"inLanguage\":\"fr-FR\",\"potentialAction\":[{\"@type\":\"ReadAction\",\"target\":[\"https:\\\/\\\/www.zengaffinenag.ch\\\/fr\\\/competences\\\/assainissement-de-sites-contamines\\\/\"]}]},{\"@type\":\"ImageObject\",\"inLanguage\":\"fr-FR\",\"@id\":\"https:\\\/\\\/www.zengaffinenag.ch\\\/fr\\\/competences\\\/assainissement-de-sites-contamines\\\/#primaryimage\",\"url\":\"https:\\\/\\\/www.zengaffinenag.ch\\\/wp-content\\\/uploads\\\/2025\\\/02\\\/DJI_0805_DRUCK.jpg\",\"contentUrl\":\"https:\\\/\\\/www.zengaffinenag.ch\\\/wp-content\\\/uploads\\\/2025\\\/02\\\/DJI_0805_DRUCK.jpg\",\"width\":2000,\"height\":1333},{\"@type\":\"BreadcrumbList\",\"@id\":\"https:\\\/\\\/www.zengaffinenag.ch\\\/fr\\\/competences\\\/assainissement-de-sites-contamines\\\/#breadcrumb\",\"itemListElement\":[{\"@type\":\"ListItem\",\"position\":1,\"name\":\"Home\",\"item\":\"https:\\\/\\\/www.zengaffinenag.ch\\\/fr\\\/\"},{\"@type\":\"ListItem\",\"position\":2,\"name\":\"Comp\u00e9tences\",\"item\":\"https:\\\/\\\/www.zengaffinenag.ch\\\/fr\\\/competences\\\/\"},{\"@type\":\"ListItem\",\"position\":3,\"name\":\"Assainissement de sites contamin\u00e9s\"}]},{\"@type\":\"WebSite\",\"@id\":\"https:\\\/\\\/www.zengaffinenag.ch\\\/#website\",\"url\":\"https:\\\/\\\/www.zengaffinenag.ch\\\/\",\"name\":\"Zengaffinen Unternehmungen |\u00a0Bauunternehmung Wallis\",\"description\":\"\",\"potentialAction\":[{\"@type\":\"SearchAction\",\"target\":{\"@type\":\"EntryPoint\",\"urlTemplate\":\"https:\\\/\\\/www.zengaffinenag.ch\\\/?s={search_term_string}\"},\"query-input\":{\"@type\":\"PropertyValueSpecification\",\"valueRequired\":true,\"valueName\":\"search_term_string\"}}],\"inLanguage\":\"fr-FR\"}]}<\/script>\n<!-- \/ Yoast SEO plugin. -->","yoast_head_json":{"title":"Assainissement de sites contamin\u00e9s - Zengaffinen Unternehmungen |\u00a0Bauunternehmung Wallis","robots":{"index":"index","follow":"follow","max-snippet":"max-snippet:-1","max-image-preview":"max-image-preview:large","max-video-preview":"max-video-preview:-1"},"canonical":"https:\/\/www.zengaffinenag.ch\/fr\/competences\/assainissement-de-sites-contamines\/","og_locale":"fr_FR","og_type":"article","og_title":"Assainissement de sites contamin\u00e9s - Zengaffinen Unternehmungen |\u00a0Bauunternehmung Wallis","og_description":"\u00c9tablis depuis 1946 Assainissement de sites contamin\u00e9s En cas de contamination d\u2019un site, nous pouvons proposer une solution globale convaincante. Les sols et les b\u00e2timents contamin\u00e9s repr\u00e9sentent une menace pour l\u2019environnement et constituent donc un s\u00e9rieux d\u00e9fi pour les propri\u00e9taires concern\u00e9s. L\u2019\u00e9vacuation et l\u2019\u00e9limination des contaminants doivent se faire avec professionnalisme. Nous vous conseillons et [&hellip;]","og_url":"https:\/\/www.zengaffinenag.ch\/fr\/competences\/assainissement-de-sites-contamines\/","og_site_name":"Zengaffinen Unternehmungen |\u00a0Bauunternehmung Wallis","article_modified_time":"2025-07-02T08:11:57+00:00","og_image":[{"width":2000,"height":1333,"url":"https:\/\/www.zengaffinenag.ch\/wp-content\/uploads\/2025\/02\/DJI_0805_DRUCK.jpg","type":"image\/jpeg"}],"twitter_card":"summary_large_image","twitter_misc":{"Dur\u00e9e de lecture estim\u00e9e":"2 minutes"},"schema":{"@context":"https:\/\/schema.org","@graph":[{"@type":"WebPage","@id":"https:\/\/www.zengaffinenag.ch\/fr\/competences\/assainissement-de-sites-contamines\/","url":"https:\/\/www.zengaffinenag.ch\/fr\/competences\/assainissement-de-sites-contamines\/","name":"Assainissement de sites contamin\u00e9s - Zengaffinen Unternehmungen |\u00a0Bauunternehmung Wallis","isPartOf":{"@id":"https:\/\/www.zengaffinenag.ch\/#website"},"primaryImageOfPage":{"@id":"https:\/\/www.zengaffinenag.ch\/fr\/competences\/assainissement-de-sites-contamines\/#primaryimage"},"image":{"@id":"https:\/\/www.zengaffinenag.ch\/fr\/competences\/assainissement-de-sites-contamines\/#primaryimage"},"thumbnailUrl":"https:\/\/www.zengaffinenag.ch\/wp-content\/uploads\/2025\/02\/DJI_0805_DRUCK.jpg","datePublished":"2025-02-14T14:12:02+00:00","dateModified":"2025-07-02T08:11:57+00:00","breadcrumb":{"@id":"https:\/\/www.zengaffinenag.ch\/fr\/competences\/assainissement-de-sites-contamines\/#breadcrumb"},"inLanguage":"fr-FR","potentialAction":[{"@type":"ReadAction","target":["https:\/\/www.zengaffinenag.ch\/fr\/competences\/assainissement-de-sites-contamines\/"]}]},{"@type":"ImageObject","inLanguage":"fr-FR","@id":"https:\/\/www.zengaffinenag.ch\/fr\/competences\/assainissement-de-sites-contamines\/#primaryimage","url":"https:\/\/www.zengaffinenag.ch\/wp-content\/uploads\/2025\/02\/DJI_0805_DRUCK.jpg","contentUrl":"https:\/\/www.zengaffinenag.ch\/wp-content\/uploads\/2025\/02\/DJI_0805_DRUCK.jpg","width":2000,"height":1333},{"@type":"BreadcrumbList","@id":"https:\/\/www.zengaffinenag.ch\/fr\/competences\/assainissement-de-sites-contamines\/#breadcrumb","itemListElement":[{"@type":"ListItem","position":1,"name":"Home","item":"https:\/\/www.zengaffinenag.ch\/fr\/"},{"@type":"ListItem","position":2,"name":"Comp\u00e9tences","item":"https:\/\/www.zengaffinenag.ch\/fr\/competences\/"},{"@type":"ListItem","position":3,"name":"Assainissement de sites contamin\u00e9s"}]},{"@type":"WebSite","@id":"https:\/\/www.zengaffinenag.ch\/#website","url":"https:\/\/www.zengaffinenag.ch\/","name":"Zengaffinen Unternehmungen |\u00a0Bauunternehmung Wallis","description":"","potentialAction":[{"@type":"SearchAction","target":{"@type":"EntryPoint","urlTemplate":"https:\/\/www.zengaffinenag.ch\/?s={search_term_string}"},"query-input":{"@type":"PropertyValueSpecification","valueRequired":true,"valueName":"search_term_string"}}],"inLanguage":"fr-FR"}]}},"_links":{"self":[{"href":"https:\/\/www.zengaffinenag.ch\/fr\/wp-json\/wp\/v2\/pages\/2530","targetHints":{"allow":["GET"]}}],"collection":[{"href":"https:\/\/www.zengaffinenag.ch\/fr\/wp-json\/wp\/v2\/pages"}],"about":[{"href":"https:\/\/www.zengaffinenag.ch\/fr\/wp-json\/wp\/v2\/types\/page"}],"author":[{"embeddable":true,"href":"https:\/\/www.zengaffinenag.ch\/fr\/wp-json\/wp\/v2\/users\/1"}],"replies":[{"embeddable":true,"href":"https:\/\/www.zengaffinenag.ch\/fr\/wp-json\/wp\/v2\/comments?post=2530"}],"version-history":[{"count":27,"href":"https:\/\/www.zengaffinenag.ch\/fr\/wp-json\/wp\/v2\/pages\/2530\/revisions"}],"predecessor-version":[{"id":4835,"href":"https:\/\/www.zengaffinenag.ch\/fr\/wp-json\/wp\/v2\/pages\/2530\/revisions\/4835"}],"up":[{"embeddable":true,"href":"https:\/\/www.zengaffinenag.ch\/fr\/wp-json\/wp\/v2\/pages\/2863"}],"wp:featuredmedia":[{"embeddable":true,"href":"https:\/\/www.zengaffinenag.ch\/fr\/wp-json\/wp\/v2\/media\/2520"}],"wp:attachment":[{"href":"https:\/\/www.zengaffinenag.ch\/fr\/wp-json\/wp\/v2\/media?parent=2530"}],"curies":[{"name":"wp","href":"https:\/\/api.w.org\/{rel}","templated":true}]}}